{"id":25,"date":"2021-04-19T13:26:47","date_gmt":"2021-04-19T13:26:47","guid":{"rendered":"https:\/\/valtec.nl\/?page_id=25"},"modified":"2021-04-19T13:27:04","modified_gmt":"2021-04-19T13:27:04","slug":"terms-and-conditions-2","status":"publish","type":"page","link":"https:\/\/valtec.nl\/ro\/terms-and-conditions-2\/","title":{"rendered":"Terms and conditions"},"content":{"rendered":"<p>Termeni \u0219i Condi\u021bii<\/p>\n<p>TERMENI SI CONDITII GDPR<br \/>\nConditii Generale pentru utilizarea site-ului https:\/\/valtec.nl<\/p>\n<p>ACCEPTAREA CONDITIILOR<br \/>\nPrin accesarea acestui site web si\/sau a oricarei pagini a acestuia sunteti de acord cu aceste conditii de utilizare. Daca nu sunteti de acord cu acesti termeni si conditii de utilizare, nu accesati acest site.<\/p>\n<p>DESCRIEREA SERVICIILOR<br \/>\nSiteul nostru va pune la dispozitie informatiile din acest site web in scop informativ general si nu garanteaza de exactitatea lor la un moment dat, desi se va incerca pe cat posibil ca la publicarea lor pe site toate informatiile sa fie exacte.<\/p>\n<p>INTRODUCERE<br \/>\nPrezentele Conditii Generale definesc conditiile de utilizare a site-ului https:\/\/valtec.nl de catre potentialii vizitatori sau clienti. Acces\u00e2nd si navig\u00e2nd pe acest site, acceptati termenii de utilizare descrisi \u00een continuare.<\/p>\n<p>DREPTURILE ASUPRA CONTINUTULUI SITE-ULUI<br \/>\nS.C. VALTEC Premium Lubricants SRL, nu va transfera titlul de proprietate asupra aplicatiilor software .<\/p>\n<p>VALTEC Premium Lubricants SRL detine drepturi complete si depline asupra titlului de proprietate si prin aceasta toate drepturile de autor si cele brevetate. Nu aveti dreptul sa redistribuiti, vindeti, decompilati, dezasamblati aplicatia software \u00eentr-o forma perceptibila de catre oameni.<\/p>\n<p>Toate informatiile, produsele sau aplicatiile continute \u00een acest site sunt proprietatea VALTEC Premium Lubricants SRL, care \u00eesi rezerva dreptul de a modifica continutul si\/sau structura site-ului \u00een orice moment si fara nici o informare prealabila.<\/p>\n<p>\u00centregul continut al site-ului https:\/\/valtec.nl este protejat prin legea drepturilor de autor, toate drepturile fiind rezervate. Toate drepturile referitoare la pagini, continutul si prezentarea site-ului sunt detinute de VALTEC Premium Lubricants SRL. Este interzisa copierea, modificarea, afisarea, distribuirea, transmiterea, publicarea, comercializarea, licentierea, crearea unor materiale derivate sau utilizarea continutului site-ului \u00een orice scop fara confirmarea scrisa din partea VALTEC Premium Lubricants SRL.<\/p>\n<p>Accesul si utilizarea paginii https:\/\/valtec.nl sunt gratuite si au scopul de a veni in ajutorul utilizatorilor pentru a gasi informatiile necesare \u00een cel mai usor si rapid mod posibil, conform cerintelor fiecaruia.<\/p>\n<p>Informatiile prezente pe https:\/\/valtec.nl sunt de interes general si sunt puse la dispozitia utilizatorilor \u00een mod gratuit. Prin termenul \u201eutilizator\u201d al acestei pagini se \u00eentelege orice persoana fizica sau juridica care va accesa pagina. Puteti copia si tipari continutul paginii https:\/\/valtec.nl pentru folosinta dumneavoastra personala, fara intentii comerciale. \u00cen orice alte situatii, continutul https:\/\/valtec.nl nu poate fi reprodus, modificat sau exploatat fara consimtam\u00e2ntul explicit al reprezentantilor https:\/\/valtec.nl .<\/p>\n<p>NEANGAJAREA RASPUNDERII<br \/>\nContinutul informatiilor se refera la descrierea \u00eentr-un anumit grad de detaliere a activitatilor, produselor si serviciilor VALTEC Premium Lubricants SRL. VALTEC Premium Lubricants SRL nu va acorda nici o garantie referitoare la:<\/p>\n<p>\u2013 evitarea utilizarii anevoioase sau \u00eentreruperii \u00een utilizare a site-ului;<br \/>\n\u2013 neafectarea \u00een sens negativ a altor sisteme prin utilizarea site-ului;<br \/>\n\u2013 inexistenta pe site-ul pus la dispozitie a virusilor sau alte componente care ar putea dauna utilizatorilor.<\/p>\n<p>Astfel, VALTEC Premium Lubricants SRL nu poate fi responsabila pentru nici un fel de daune directe sau indirecte produse prin utilizarea site-ului sau.<br \/>\nToate informatiile prezentate pe site cu privire la produsele https:\/\/valtec.nl , preturi, informatii, campanii si promotii de marketing, aspecte tehnice, sunt prezentate cu titlu informativ. Nimic din continutul site-ului https:\/\/valtec.nl nu poate constitui o oferta ferma de a contracta si nu poate angaja raspunderea Amigio \u00een lipsa unor acorduri ulterioare.<\/p>\n<p>Continutul paginii web https:\/\/valtec.nl , a informatiilor si a altor materiale prezentate de Comunitatea https:\/\/valtec.nl nu reprezinta o consultatie juridica \u00een sensul Legii nr. 51\/1995.<\/p>\n<p>GDPR este un set de reguli bazat pe principii complexe, care este deschis la interpretare si cotine, de asemenea, numeroase domenii \u00een care statele membre sunt invitate sa intervina. \u00cen prezent exista foarte putine \u00eendrumari cu privire la implementarea GDPR si este posibil ca Autoritatile de Supraveghere sa aiba puncte de vedere diferite fata de cele exprimate \u00een acest ?ablon. \u00cen ciuda eforturilor noastre de a oferi cele mai bune servicii, nu putem anticipa cu exactitate modul \u00een care Autoritatea de Supraveghere sau instan?ele de judecata vor interpreta Regulamentul.<\/p>\n<p>https:\/\/valtec.nl nu face nicio declaratie, promisiune sau garantie cu privire la exactitatea, exhaustivitatea sau caracterul adecvat al prezentului continut, al \u00eendrumarilor si a consultantei, nu \u00eesi asuma nicio obligatie de rezultat sau diligenta fata de nicio persoana, exclud \u00een mod expres si neaga raspunderea pentru orice cost, pierdere sau daunele suferite ca urmare a utilizarii continutului.<\/p>\n<p>OBIECTIVUL CONTINUTULUI SITE-ULUI<br \/>\nObiectivul continutului site-ului este de a transmite informatii actualizate si exacte.<\/p>\n<p>VALTEC Premium Lubricants SRL nu poate garanta ca prezentele pagini nu contin erori, si asigura ca va depune toate diligentele pentru realizarea unei informari corecte si remedierea eventualelor erori.<\/p>\n<p>Orice persoana care doreste sa-si procure unul din serviciile sau produsele prezentate \u00een site este rugata sa contacteze VALTEC Premium Lubricants SRL prin unul din mijloacele afisate \u00een pagina de Contact a site-ului, pentru a se informa at\u00e2t asupra disponibilitatii serviciului sau produsului \u00een cauza c\u00e2t si asupra conditiilor contractuale, tarifelor si informatiilor tehnice sau de alta natura.<\/p>\n<p>INFORMATII PERSONALE<br \/>\nC\u00e2nd prin intermediul prezentului site va sunt solicitate informatii, aceasta are ca scop identificarea dumneavoastra sau posibilitatea de a va contacta. Acest lucru este cu at\u00e2t mai necesar \u00een cazul folosirii aplicatiilor disponibile pe site.<\/p>\n<p>Natura informatiilor solicitate se refera \u00een special la date personale (nume, adresa, numere de telefon), adresa de e-mail, modul \u00een care sunt utilizate sau intentioneaza sa fie utilizate produsele si\/sau serviciile VALTEC Premium Lubricants SRL, dar poate include si alte informatii aflate \u00een str\u00e2nsa legatura cu utilizarea serviciilor si\/sau produselor solicitate.<\/p>\n<p>Cu scopul de a raspunde mai bine nevoilor si \u00eentrebarilor utilizatorilor site-ului, informatiile solicitate prin intermediul acestui site vor face obiectul unei stocari si prelucrari electronice.<\/p>\n<p>LEGATURA CU ALTE SITE-URI<br \/>\nPrezentul site poate contine legaturi sau trimiteri catre alte site-uri considerate de VALTEC Premium Lubricants SRL utile \u00een legatura cu continutul site-ului sau si care nu se afla sub controlul sau \u00eendrumarea sa. \u00cen cazul utilizarii acestor legaturi sau trimiteri se vor aplica conditiile generale de utilizare corespunzatoare acelor site-uri.<\/p>\n<p>VALTEC Premium Lubricants SRL nu poate garanta\/controla actualitatea\/exactitatea informatiilor prezente pe site-urile unor terti, la care se face trimitere de pe site-ul sau.<\/p>\n<p>INFORMATIILE OFERITE PRIN INTERMEDIUL SITE-ULUI<br \/>\nOrice persoana care viziteaza site-ul https:\/\/valtec.nl si care ofera date sau informatii cu caracter personal prin intermediul acestui site \u00eesi manifesta acordul \u00een mod expres si neechivoc pentru urmatoarele: prelucrarea acestor date si informatii personale de catre VALTEC Premium Lubricants SRL; transmiterii de materiale promotionale specifice operatiunilor de marketing direct; solutionarea de catre VALTEC Premium Lubricants SRL a cererilor, \u00eentrebarilor si reclamatiilor adresate (a se vedea pagina Contact din site); alte activitati \u00eentreprinse de VALTEC Premium Lubricants SRL si permise de lege, ce nu fac obiectul unei aprobari din partea destinatarului.<\/p>\n<p>VALTEC Premium Lubricants SRL va pastra confidentialitatea acestor informatii.<\/p>\n<p>Utilizarea \u00een continuare a acestui site constituie acordul expres si neechivoc al dumneavoastra \u00een conformitate cu prevederile legii 677\/2001 si directivelor GDPR pentru protectia persoanelor cu privire la prelucrarea datelor cu caracter personal si libera circulatie a acestor date.<\/p>\n<p>Pentru orice nelamurire \u00een legatura cu exercitarea drepturilor dumneavoastra referitoare la utilizarea site-ului si la protectia utilizarii va rugam sa ne contactati prin intermediul sectiunii Contact din site.<\/p>\n","protected":false},"excerpt":{"rendered":"<p>Termeni \u0219i Condi\u021bii TERMENI SI CONDITII GDPR Conditii Generale pentru utilizarea site-ului https:\/\/valtec.nl ACCEPTAREA CONDITIILOR Prin accesarea acestui site web si\/sau a oricarei pagini a acestuia sunteti de acord cu&#8230;<\/p>\n","protected":false},"author":1,"featured_media":0,"parent":0,"menu_order":0,"comment_status":"closed","ping_status":"closed","template":"","meta":[],"_links":{"self":[{"href":"https:\/\/valtec.nl\/ro\/wp-json\/wp\/v2\/pages\/25"}],"collection":[{"href":"https:\/\/valtec.nl\/ro\/wp-json\/wp\/v2\/pages"}],"about":[{"href":"https:\/\/valtec.nl\/ro\/wp-json\/wp\/v2\/types\/page"}],"author":[{"embeddable":true,"href":"https:\/\/valtec.nl\/ro\/wp-json\/wp\/v2\/users\/1"}],"replies":[{"embeddable":true,"href":"https:\/\/valtec.nl\/ro\/wp-json\/wp\/v2\/comments?post=25"}],"version-history":[{"count":1,"href":"https:\/\/valtec.nl\/ro\/wp-json\/wp\/v2\/pages\/25\/revisions"}],"predecessor-version":[{"id":26,"href":"https:\/\/valtec.nl\/ro\/wp-json\/wp\/v2\/pages\/25\/revisions\/26"}],"wp:attachment":[{"href":"https:\/\/valtec.nl\/ro\/wp-json\/wp\/v2\/media?parent=25"}],"curies":[{"name":"wp","href":"https:\/\/api.w.org\/{rel}","templated":true}]}}