{"id":10,"date":"2021-04-19T13:17:48","date_gmt":"2021-04-19T13:17:48","guid":{"rendered":"https:\/\/valtec.nl\/?page_id=10"},"modified":"2021-11-23T08:46:37","modified_gmt":"2021-11-23T08:46:37","slug":"branduri","status":"publish","type":"page","link":"https:\/\/valtec.nl\/ro\/branduri\/","title":{"rendered":"Branduri"},"content":{"rendered":"[vc_row type=&#8221;full_width_content&#8221; full_screen_row_position=&#8221;middle&#8221; column_margin=&#8221;default&#8221; equal_height=&#8221;yes&#8221; content_placement=&#8221;middle&#8221; column_direction=&#8221;default&#8221; column_direction_tablet=&#8221;default&#8221; column_direction_phone=&#8221;default&#8221; bg_color=&#8221;#f0f3f5&#8243; scene_position=&#8221;center&#8221; text_color=&#8221;dark&#8221; text_align=&#8221;left&#8221; row_border_radius=&#8221;none&#8221; row_border_radius_applies=&#8221;bg&#8221; id=&#8221;discover&#8221; overlay_strength=&#8221;0.3&#8243; gradient_direction=&#8221;left_to_right&#8221; shape_divider_position=&#8221;bottom&#8221; bg_image_animation=&#8221;none&#8221; shape_type=&#8221;&#8221;][vc_column column_padding=&#8221;no-extra-padding&#8221; column_padding_tablet=&#8221;inherit&#8221; column_padding_phone=&#8221;inherit&#8221; column_padding_position=&#8221;all&#8221; column_element_spacing=&#8221;default&#8221; background_color_opacity=&#8221;1&#8243; background_hover_color_opacity=&#8221;1&#8243; column_shadow=&#8221;none&#8221; column_border_radius=&#8221;none&#8221; column_link_target=&#8221;_self&#8221; gradient_direction=&#8221;left_to_right&#8221; overlay_strength=&#8221;0.3&#8243; width=&#8221;1\/2&#8243; tablet_width_inherit=&#8221;default&#8221; tablet_text_alignment=&#8221;default&#8221; phone_text_alignment=&#8221;default&#8221; bg_image_animation=&#8221;none&#8221; border_type=&#8221;simple&#8221; column_border_width=&#8221;none&#8221; column_border_style=&#8221;solid&#8221;][image_with_animation image_url=&#8221;360&#8243; animation=&#8221;Fade In From Left&#8221; hover_animation=&#8221;none&#8221; alignment=&#8221;&#8221; border_radius=&#8221;none&#8221; box_shadow=&#8221;none&#8221; image_loading=&#8221;default&#8221; max_width=&#8221;125%&#8221; max_width_mobile=&#8221;default&#8221;][\/vc_column][vc_column column_padding=&#8221;no-extra-padding&#8221; column_padding_tablet=&#8221;inherit&#8221; column_padding_phone=&#8221;inherit&#8221; column_padding_position=&#8221;all&#8221; column_element_spacing=&#8221;default&#8221; background_color_opacity=&#8221;1&#8243; background_hover_color_opacity=&#8221;1&#8243; column_shadow=&#8221;none&#8221; column_border_radius=&#8221;none&#8221; column_link_target=&#8221;_self&#8221; gradient_direction=&#8221;left_to_right&#8221; overlay_strength=&#8221;0.3&#8243; width=&#8221;1\/2&#8243; tablet_width_inherit=&#8221;default&#8221; tablet_text_alignment=&#8221;default&#8221; phone_text_alignment=&#8221;default&#8221; bg_image_animation=&#8221;none&#8221; border_type=&#8221;simple&#8221; column_border_width=&#8221;none&#8221; column_border_style=&#8221;solid&#8221;][vc_row_inner column_margin=&#8221;default&#8221; column_direction=&#8221;default&#8221; column_direction_tablet=&#8221;default&#8221; column_direction_phone=&#8221;default&#8221; top_padding=&#8221;7%&#8221; left_padding_desktop=&#8221;10%&#8221; right_padding_desktop=&#8221;15%&#8221; text_align=&#8221;left&#8221; css=&#8221;.vc_custom_1618936726345{background-color: #ffffff !important;}&#8221;][vc_column_inner column_padding=&#8221;no-extra-padding&#8221; column_padding_tablet=&#8221;inherit&#8221; column_padding_phone=&#8221;inherit&#8221; column_padding_position=&#8221;all&#8221; column_element_spacing=&#8221;default&#8221; background_color_opacity=&#8221;1&#8243; background_hover_color_opacity=&#8221;1&#8243; column_shadow=&#8221;none&#8221; column_border_radius=&#8221;none&#8221; column_link_target=&#8221;_self&#8221; gradient_direction=&#8221;left_to_right&#8221; overlay_strength=&#8221;0.3&#8243; width=&#8221;1\/1&#8243; tablet_width_inherit=&#8221;default&#8221; bg_image_animation=&#8221;none&#8221; enable_animation=&#8221;true&#8221; animation=&#8221;fade-in-from-left&#8221; border_type=&#8221;simple&#8221; column_border_width=&#8221;none&#8221; column_border_style=&#8221;solid&#8221;][vc_custom_heading text=&#8221;Valtec&#8221; font_container=&#8221;tag:h6|text_align:left&#8221; use_theme_fonts=&#8221;yes&#8221; el_class=&#8221;title-sideway-valtec&#8221;][vc_custom_heading text=&#8221;Branduri&#8221; font_container=&#8221;tag:h1|text_align:left&#8221; use_theme_fonts=&#8221;yes&#8221; el_class=&#8221;main-title-sideways&#8221;][\/vc_column_inner][\/vc_row_inner][vc_row_inner column_margin=&#8221;default&#8221; column_direction=&#8221;default&#8221; column_direction_tablet=&#8221;default&#8221; column_direction_phone=&#8221;default&#8221; bottom_padding=&#8221;7%&#8221; left_padding_desktop=&#8221;10%&#8221; right_padding_desktop=&#8221;15%&#8221; text_align=&#8221;left&#8221; css=&#8221;.vc_custom_1618936759052{background-color: #ffffff !important;}&#8221;][vc_column_inner column_padding=&#8221;no-extra-padding&#8221; column_padding_tablet=&#8221;inherit&#8221; column_padding_phone=&#8221;inherit&#8221; column_padding_position=&#8221;all&#8221; column_element_spacing=&#8221;default&#8221; background_color_opacity=&#8221;1&#8243; background_hover_color_opacity=&#8221;1&#8243; column_shadow=&#8221;none&#8221; column_border_radius=&#8221;none&#8221; column_link_target=&#8221;_self&#8221; gradient_direction=&#8221;left_to_right&#8221; overlay_strength=&#8221;0.3&#8243; width=&#8221;1\/1&#8243; tablet_width_inherit=&#8221;default&#8221; bg_image_animation=&#8221;none&#8221; enable_animation=&#8221;true&#8221; animation=&#8221;fade-in-from-left&#8221; border_type=&#8221;simple&#8221; column_border_width=&#8221;none&#8221; column_border_style=&#8221;solid&#8221;][divider line_type=&#8221;No Line&#8221; custom_height=&#8221;30&#8243;][vc_column_text]Suntem m\u00e2ndri parteneri a 6 brand-uri de \u00eencredere. Repsol, una dintre cele mai integrate companii din industria petrolului \u0219i a gazelor naturale, Valvoline, un adev\u0103rat senior al pie\u021bei de lubrifian\u021bi, Record \u2013 o simbioz\u0103 ideal\u0103 \u00eentre solu\u021biile practice \u0219i personalizate, Herzkraft &#8211; o platform\u0103 extinsa de produse si consumabile profesionale de igien\u0103, Eurol Specialty &#8211; un inovator in aplicatii speciale industriale \u0219i Valtec Safety &#8211; care inglobeaza solutiile necesare de echipamente pentru protectia personala in munca.[\/vc_column_text][nectar_btn size=&#8221;jumbo&#8221; open_new_tab=&#8221;true&#8221; button_style=&#8221;regular&#8221; button_color_2=&#8221;Accent-Color&#8221; icon_family=&#8221;iconsmind&#8221; text=&#8221;Mergi direct la magazinul online&#8221; url=&#8221;https:\/\/www.valteconline.com\/&#8221; icon_iconsmind=&#8221;iconsmind-Arrow-OutRight&#8221;][\/vc_column_inner][\/vc_row_inner][\/vc_column][\/vc_row][vc_row type=&#8221;in_container&#8221; full_screen_row_position=&#8221;middle&#8221; column_margin=&#8221;default&#8221; column_direction=&#8221;default&#8221; column_direction_tablet=&#8221;default&#8221; column_direction_phone=&#8221;default&#8221; scene_position=&#8221;center&#8221; top_padding=&#8221;3%&#8221; text_color=&#8221;dark&#8221; text_align=&#8221;left&#8221; row_border_radius=&#8221;none&#8221; row_border_radius_applies=&#8221;bg&#8221; overlay_strength=&#8221;0.3&#8243; gradient_direction=&#8221;left_to_right&#8221; shape_divider_position=&#8221;bottom&#8221; bg_image_animation=&#8221;none&#8221; shape_type=&#8221;&#8221;][vc_column column_padding=&#8221;no-extra-padding&#8221; column_padding_tablet=&#8221;inherit&#8221; column_padding_phone=&#8221;inherit&#8221; column_padding_position=&#8221;all&#8221; column_element_spacing=&#8221;default&#8221; background_color_opacity=&#8221;1&#8243; background_hover_color_opacity=&#8221;1&#8243; column_shadow=&#8221;none&#8221; column_border_radius=&#8221;none&#8221; column_link_target=&#8221;_self&#8221; gradient_direction=&#8221;left_to_right&#8221; overlay_strength=&#8221;0.3&#8243; width=&#8221;1\/3&#8243; tablet_width_inherit=&#8221;default&#8221; tablet_text_alignment=&#8221;default&#8221; phone_text_alignment=&#8221;default&#8221; bg_image_animation=&#8221;none&#8221; border_type=&#8221;simple&#8221; column_border_width=&#8221;none&#8221; column_border_style=&#8221;solid&#8221;][fancy_box box_style=&#8221;hover_desc&#8221; icon_family=&#8221;custom&#8221; custom_icon_image=&#8221;67&#8243; image_url=&#8221;291&#8243; hover_color=&#8221;extra-color-3&#8243; box_alignment=&#8221;center&#8221; hover_desc_bg_animation=&#8221;short_zoom&#8221; border_radius=&#8221;default&#8221; image_loading=&#8221;default&#8221; hover_content=&#8221;Repsol este un lider global \u00een industria petrolului \u0219i a gazelor.&#8221; link_url=&#8221;\/ro\/branduri\/repsol&#8221; icon_size=&#8221;150&#8243; link_screen_reader=&#8221;Repsol&#8221;]\n<h2>Repsol<\/h2>\n[\/fancy_box][\/vc_column][vc_column column_padding=&#8221;no-extra-padding&#8221; column_padding_tablet=&#8221;inherit&#8221; column_padding_phone=&#8221;inherit&#8221; column_padding_position=&#8221;all&#8221; column_element_spacing=&#8221;default&#8221; background_color_opacity=&#8221;1&#8243; background_hover_color_opacity=&#8221;1&#8243; column_shadow=&#8221;none&#8221; column_border_radius=&#8221;none&#8221; column_link_target=&#8221;_self&#8221; gradient_direction=&#8221;left_to_right&#8221; overlay_strength=&#8221;0.3&#8243; width=&#8221;1\/3&#8243; tablet_width_inherit=&#8221;default&#8221; tablet_text_alignment=&#8221;default&#8221; phone_text_alignment=&#8221;default&#8221; bg_image_animation=&#8221;none&#8221; border_type=&#8221;simple&#8221; column_border_width=&#8221;none&#8221; column_border_style=&#8221;solid&#8221;][fancy_box box_style=&#8221;hover_desc&#8221; icon_family=&#8221;custom&#8221; custom_icon_image=&#8221;69&#8243; image_url=&#8221;337&#8243; hover_color=&#8221;extra-color-3&#8243; box_alignment=&#8221;center&#8221; hover_desc_bg_animation=&#8221;short_zoom&#8221; border_radius=&#8221;default&#8221; image_loading=&#8221;default&#8221; hover_content=&#8221;Valvoline este primul brand creat \u00een industria petrolului \u0219i a gazelor naturale.&#8221; link_url=&#8221;\/ro\/branduri\/valvoline\/&#8221; icon_size=&#8221;150&#8243; link_screen_reader=&#8221;Valvoline&#8221;]\n<h2>Valvoline<\/h2>\n[\/fancy_box][\/vc_column][vc_column column_padding=&#8221;no-extra-padding&#8221; column_padding_tablet=&#8221;inherit&#8221; column_padding_phone=&#8221;inherit&#8221; column_padding_position=&#8221;all&#8221; column_element_spacing=&#8221;default&#8221; background_color_opacity=&#8221;1&#8243; background_hover_color_opacity=&#8221;1&#8243; column_shadow=&#8221;none&#8221; column_border_radius=&#8221;none&#8221; column_link_target=&#8221;_self&#8221; gradient_direction=&#8221;left_to_right&#8221; overlay_strength=&#8221;0.3&#8243; width=&#8221;1\/3&#8243; tablet_width_inherit=&#8221;default&#8221; tablet_text_alignment=&#8221;default&#8221; phone_text_alignment=&#8221;default&#8221; bg_image_animation=&#8221;none&#8221; border_type=&#8221;simple&#8221; column_border_width=&#8221;none&#8221; column_border_style=&#8221;solid&#8221;][fancy_box box_style=&#8221;hover_desc&#8221; icon_family=&#8221;custom&#8221; custom_icon_image=&#8221;66&#8243; image_url=&#8221;346&#8243; hover_color=&#8221;extra-color-3&#8243; box_alignment=&#8221;center&#8221; hover_desc_bg_animation=&#8221;short_zoom&#8221; border_radius=&#8221;default&#8221; image_loading=&#8221;default&#8221; hover_content=&#8221;In cei peste 5 ani de activitate ne-am creat un portofoliu extins de clien\u021bi mul\u021bumi\u021bi.&#8221; link_url=&#8221;\/ro\/branduri\/record\/&#8221; icon_size=&#8221;150&#8243; link_screen_reader=&#8221;Record&#8221;]\n<h2>Record<\/h2>\n[\/fancy_box][\/vc_column][\/vc_row][vc_row type=&#8221;in_container&#8221; full_screen_row_position=&#8221;middle&#8221; column_margin=&#8221;default&#8221; column_direction=&#8221;default&#8221; column_direction_tablet=&#8221;default&#8221; column_direction_phone=&#8221;default&#8221; scene_position=&#8221;center&#8221; top_padding=&#8221;3%&#8221; text_color=&#8221;dark&#8221; text_align=&#8221;left&#8221; row_border_radius=&#8221;none&#8221; row_border_radius_applies=&#8221;bg&#8221; overlay_strength=&#8221;0.3&#8243; gradient_direction=&#8221;left_to_right&#8221; shape_divider_position=&#8221;bottom&#8221; bg_image_animation=&#8221;none&#8221; shape_type=&#8221;&#8221;][vc_column column_padding=&#8221;no-extra-padding&#8221; column_padding_tablet=&#8221;inherit&#8221; column_padding_phone=&#8221;inherit&#8221; column_padding_position=&#8221;all&#8221; column_element_spacing=&#8221;default&#8221; background_color_opacity=&#8221;1&#8243; background_hover_color_opacity=&#8221;1&#8243; column_shadow=&#8221;none&#8221; column_border_radius=&#8221;none&#8221; column_link_target=&#8221;_self&#8221; gradient_direction=&#8221;left_to_right&#8221; overlay_strength=&#8221;0.3&#8243; width=&#8221;1\/3&#8243; tablet_width_inherit=&#8221;default&#8221; tablet_text_alignment=&#8221;default&#8221; phone_text_alignment=&#8221;default&#8221; bg_image_animation=&#8221;none&#8221; border_type=&#8221;simple&#8221; column_border_width=&#8221;none&#8221; column_border_style=&#8221;solid&#8221;][fancy_box box_style=&#8221;hover_desc&#8221; icon_family=&#8221;custom&#8221; custom_icon_image=&#8221;65&#8243; image_url=&#8221;363&#8243; hover_color=&#8221;extra-color-3&#8243; box_alignment=&#8221;center&#8221; hover_desc_bg_animation=&#8221;short_zoom&#8221; border_radius=&#8221;default&#8221; image_loading=&#8221;default&#8221; hover_content=&#8221;Herzkraft ofer\u0103 solu\u021bii extinse pentru igiena profesional\u0103.&#8221; link_url=&#8221;\/ro\/branduri\/herzkraft\/&#8221; icon_size=&#8221;150&#8243; link_screen_reader=&#8221;Herzkraft&#8221;]\n<h2>Herzkraft<\/h2>\n[\/fancy_box][\/vc_column][vc_column column_padding=&#8221;no-extra-padding&#8221; column_padding_tablet=&#8221;inherit&#8221; column_padding_phone=&#8221;inherit&#8221; column_padding_position=&#8221;all&#8221; column_element_spacing=&#8221;default&#8221; background_color_opacity=&#8221;1&#8243; background_hover_color_opacity=&#8221;1&#8243; column_shadow=&#8221;none&#8221; column_border_radius=&#8221;none&#8221; column_link_target=&#8221;_self&#8221; gradient_direction=&#8221;left_to_right&#8221; overlay_strength=&#8221;0.3&#8243; width=&#8221;1\/3&#8243; tablet_width_inherit=&#8221;default&#8221; tablet_text_alignment=&#8221;default&#8221; phone_text_alignment=&#8221;default&#8221; bg_image_animation=&#8221;none&#8221; border_type=&#8221;simple&#8221; column_border_width=&#8221;none&#8221; column_border_style=&#8221;solid&#8221;][fancy_box box_style=&#8221;hover_desc&#8221; icon_family=&#8221;custom&#8221; custom_icon_image=&#8221;64&#8243; image_url=&#8221;521&#8243; hover_color=&#8221;extra-color-3&#8243; box_alignment=&#8221;center&#8221; hover_desc_bg_animation=&#8221;short_zoom&#8221; border_radius=&#8221;default&#8221; image_loading=&#8221;default&#8221; hover_content=&#8221;Eurol ofer\u0103 performan\u021b\u0103 optim\u0103 \u0219i protec\u021bie, chiar \u0219i \u00een circumstan\u021be extreme.&#8221; link_url=&#8221;\/ro\/branduri\/eurol\/&#8221; icon_size=&#8221;150&#8243; link_screen_reader=&#8221;Eurol&#8221;]\n<h2>Eurol<\/h2>\n[\/fancy_box][\/vc_column][vc_column column_padding=&#8221;no-extra-padding&#8221; column_padding_tablet=&#8221;inherit&#8221; column_padding_phone=&#8221;inherit&#8221; column_padding_position=&#8221;all&#8221; column_element_spacing=&#8221;default&#8221; background_color_opacity=&#8221;1&#8243; background_hover_color_opacity=&#8221;1&#8243; column_shadow=&#8221;none&#8221; column_border_radius=&#8221;none&#8221; column_link_target=&#8221;_self&#8221; gradient_direction=&#8221;left_to_right&#8221; overlay_strength=&#8221;0.3&#8243; width=&#8221;1\/3&#8243; tablet_width_inherit=&#8221;default&#8221; tablet_text_alignment=&#8221;default&#8221; phone_text_alignment=&#8221;default&#8221; bg_image_animation=&#8221;none&#8221; border_type=&#8221;simple&#8221; column_border_width=&#8221;none&#8221; column_border_style=&#8221;solid&#8221;][fancy_box box_style=&#8221;hover_desc&#8221; icon_family=&#8221;custom&#8221; custom_icon_image=&#8221;997&#8243; image_url=&#8221;209&#8243; hover_color=&#8221;extra-color-3&#8243; box_alignment=&#8221;center&#8221; hover_desc_bg_animation=&#8221;short_zoom&#8221; border_radius=&#8221;default&#8221; image_loading=&#8221;default&#8221; hover_content=&#8221;Produse de protec\u021bie pentru tine \u0219i echipa ta.&#8221; link_url=&#8221;\/ro\/branduri\/valtec-safety\/&#8221; icon_size=&#8221;150&#8243; link_screen_reader=&#8221;Valtec Safety&#8221;]\n<h2>Valtec Safety<\/h2>\n[\/fancy_box][\/vc_column][\/vc_row]\n","protected":false},"excerpt":{"rendered":"<p>[vc_row type=&#8221;full_width_content&#8221; full_screen_row_position=&#8221;middle&#8221; column_margin=&#8221;default&#8221; equal_height=&#8221;yes&#8221; content_placement=&#8221;middle&#8221; column_direction=&#8221;default&#8221; column_direction_tablet=&#8221;default&#8221; column_direction_phone=&#8221;default&#8221; bg_color=&#8221;#f0f3f5&#8243; scene_position=&#8221;center&#8221; text_color=&#8221;dark&#8221; text_align=&#8221;left&#8221; row_border_radius=&#8221;none&#8221; row_border_radius_applies=&#8221;bg&#8221; id=&#8221;discover&#8221; overlay_strength=&#8221;0.3&#8243; gradient_direction=&#8221;left_to_right&#8221; shape_divider_position=&#8221;bottom&#8221; bg_image_animation=&#8221;none&#8221; shape_type=&#8221;&#8221;][vc_column column_padding=&#8221;no-extra-padding&#8221; column_padding_tablet=&#8221;inherit&#8221; column_padding_phone=&#8221;inherit&#8221; column_padding_position=&#8221;all&#8221; column_element_spacing=&#8221;default&#8221; background_color_opacity=&#8221;1&#8243; background_hover_color_opacity=&#8221;1&#8243; column_shadow=&#8221;none&#8221; column_border_radius=&#8221;none&#8221;&#8230;<\/p>\n","protected":false},"author":1,"featured_media":360,"parent":0,"menu_order":0,"comment_status":"closed","ping_status":"closed","template":"","meta":[],"_links":{"self":[{"href":"https:\/\/valtec.nl\/ro\/wp-json\/wp\/v2\/pages\/10"}],"collection":[{"href":"https:\/\/valtec.nl\/ro\/wp-json\/wp\/v2\/pages"}],"about":[{"href":"https:\/\/valtec.nl\/ro\/wp-json\/wp\/v2\/types\/page"}],"author":[{"embeddable":true,"href":"https:\/\/valtec.nl\/ro\/wp-json\/wp\/v2\/users\/1"}],"replies":[{"embeddable":true,"href":"https:\/\/valtec.nl\/ro\/wp-json\/wp\/v2\/comments?post=10"}],"version-history":[{"count":13,"href":"https:\/\/valtec.nl\/ro\/wp-json\/wp\/v2\/pages\/10\/revisions"}],"predecessor-version":[{"id":1051,"href":"https:\/\/valtec.nl\/ro\/wp-json\/wp\/v2\/pages\/10\/revisions\/1051"}],"wp:featuredmedia":[{"embeddable":true,"href":"https:\/\/valtec.nl\/ro\/wp-json\/wp\/v2\/media\/360"}],"wp:attachment":[{"href":"https:\/\/valtec.nl\/ro\/wp-json\/wp\/v2\/media?parent=10"}],"curies":[{"name":"wp","href":"https:\/\/api.w.org\/{rel}","templated":true}]}}